{"id":451,"date":"2025-06-29T16:52:47","date_gmt":"2025-06-29T16:52:47","guid":{"rendered":"https:\/\/www.hierontamirkku.fi\/?page_id=451"},"modified":"2025-06-29T16:53:50","modified_gmt":"2025-06-29T16:53:50","slug":"dry-needling","status":"publish","type":"page","link":"https:\/\/www.hierontamirkku.fi\/index.php\/dry-needling\/","title":{"rendered":"Dry needling"},"content":{"rendered":"\t\t<div data-elementor-type=\"wp-page\" data-elementor-id=\"451\" class=\"elementor elementor-451\">\n\t\t\t\t\t\t\t\t\t<section class=\"elementor-section elementor-top-section elementor-element elementor-element-2d73e2aa elementor-section-boxed elementor-section-height-default elementor-section-height-default\" data-id=\"2d73e2aa\" data-element_type=\"section\">\n\t\t\t\t\t\t<div class=\"elementor-container elementor-column-gap-default\">\n\t\t\t\t\t<div class=\"elementor-column elementor-col-100 elementor-top-column elementor-element elementor-element-74fd4a78\" data-id=\"74fd4a78\" data-element_type=\"column\">\n\t\t\t<div class=\"elementor-widget-wrap elementor-element-populated\">\n\t\t\t\t\t\t\t\t<div class=\"elementor-element elementor-element-12586fca elementor-widget elementor-widget-text-editor\" data-id=\"12586fca\" data-element_type=\"widget\" data-widget_type=\"text-editor.default\">\n\t\t\t\t<div class=\"elementor-widget-container\">\n\t\t\t<style>\/*! elementor - v3.11.5 - 14-03-2023 *\/\n.elementor-widget-text-editor.elementor-drop-cap-view-stacked .elementor-drop-cap{background-color:#818a91;color:#fff}.elementor-widget-text-editor.elementor-drop-cap-view-framed .elementor-drop-cap{color:#818a91;border:3px solid;background-color:transparent}.elementor-widget-text-editor:not(.elementor-drop-cap-view-default) .elementor-drop-cap{margin-top:8px}.elementor-widget-text-editor:not(.elementor-drop-cap-view-default) .elementor-drop-cap-letter{width:1em;height:1em}.elementor-widget-text-editor .elementor-drop-cap{float:left;text-align:center;line-height:1;font-size:50px}.elementor-widget-text-editor .elementor-drop-cap-letter{display:inline-block}<\/style>\t\t\t\t<!-- wp:paragraph -->\n<p><strong>Mit\u00e4 on dry needling?<\/strong><\/p>\n<!-- \/wp:paragraph --><!-- wp:paragraph -->\n<p>Dry needling on pehmytkudoskivun hoitoa akupunktioneuloilla. Kehoon ei tule neuloista mit\u00e4\u00e4n aineita, siksi hoitomuodon nimi on dry needling eli kuivaneulaus.<\/p>\n<!-- \/wp:paragraph --><!-- wp:paragraph -->\n<p><strong>Onko dry needling<\/strong> <strong>akupunktiota?<\/strong><\/p>\n<!-- \/wp:paragraph --><!-- wp:paragraph -->\n<p>Kuivaneulaus ei ole akupunktiota. Akupunktio perustuu kiinalaiseen l\u00e4\u00e4ketieteeseen. Dry needling taas noudattaa l\u00e4nsimaisen l\u00e4\u00e4ketieteen anatomian oppeja. Samankaltaisia vaikutuksia hoidoilla kyll\u00e4 on.<\/p>\n<!-- \/wp:paragraph --><!-- wp:paragraph -->\n<p><strong>Kuinka se toimii?<\/strong><\/p>\n<!-- \/wp:paragraph --><!-- wp:paragraph -->\n<p>Dry needling neula laitetaan lihaksessa sijaitsevaan niin sanottuun triggerpisteeseen, jolloin triggerpisteen aiheuttama kipu laukeaa. Dry needling my\u00f6s saa aikaan aineenvaihdunnan normalisoitumista lihaksessa. Puhutaan niin sanotusta analgeettisesta vaikutuksesta, eli hoito vaikuttaa viel\u00e4 kipua lievitt\u00e4v\u00e4sti, vaikka neulat on poistettu elimist\u00f6st\u00e4. Neulottaminen vapauttaa kehon omia kipul\u00e4\u00e4kkeit\u00e4, eli endorfiineja ja enkefaliineja. T\u00e4st\u00e4 syyst\u00e4 hoidon j\u00e4lkeen on raukea ja rento olo.<\/p>\n<!-- \/wp:paragraph --><!-- wp:paragraph -->\n<p><strong>Mit\u00e4 hoidon j\u00e4lkeen on odotettavissa?<\/strong><\/p>\n<!-- \/wp:paragraph --><!-- wp:paragraph -->\n<p>Hoito aktivoi kehon omia palautumis- ja paranemisprosesseja. Voit tehd\u00e4kevytt\u00e4 palauttavaa liikuntaa. Hoidon j\u00e4lkeen saattaa ilmet\u00e4 mustelmia ja k\u00e4sittelyarkuutta hoitoalueella parikin p\u00e4iv\u00e4\u00e4.<\/p>\n<!-- \/wp:paragraph -->\n<p>\u00a0<\/p>\n<!-- wp:paragraph -->\n<p><strong>Kuka voi tehd\u00e4 dry needling hoitoja?<\/strong><\/p>\n<!-- \/wp:paragraph --><!-- wp:paragraph -->\n<p>Kuivaneulausta tekev\u00e4t erikseen dry needlingi\u00e4 opiskelleet terveydenhuollon ammattilaiset, kuten fysioterapeutit, osteopaatit ja koulutetut hierojat. (<em>suomen dry needling yhdistys)<\/em><\/p>\n<!-- \/wp:paragraph --><!-- wp:paragraph -->\n<p>\u00a0<\/p>\n<!-- \/wp:paragraph -->\t\t\t\t\t\t<\/div>\n\t\t\t\t<\/div>\n\t\t\t\t\t<\/div>\n\t\t<\/div>\n\t\t\t\t\t\t\t<\/div>\n\t\t<\/section>\n\t\t\t\t\t\t\t<\/div>\n\t\t","protected":false},"excerpt":{"rendered":"<p>Mit\u00e4 on dry needling? Dry needling on pehmytkudoskivun hoitoa akupunktioneuloilla. Kehoon ei tule neuloista mit\u00e4\u00e4n aineita, siksi hoitomuodon nimi on dry needling eli kuivaneulaus. Onko dry needling akupunktiota? Kuivaneulaus ei ole akupunktiota. Akupunktio perustuu kiinalaiseen l\u00e4\u00e4ketieteeseen. Dry needling taas noudattaa l\u00e4nsimaisen l\u00e4\u00e4ketieteen anatomian oppeja. Samankaltaisia vaikutuksia hoidoilla kyll\u00e4 on. Kuinka se toimii? Dry needling neula [&hellip;]<\/p>\n","protected":false},"author":1,"featured_media":0,"parent":0,"menu_order":0,"comment_status":"closed","ping_status":"closed","template":"","meta":{"footnotes":""},"class_list":["post-451","page","type-page","status-publish","hentry"],"_links":{"self":[{"href":"https:\/\/www.hierontamirkku.fi\/index.php\/wp-json\/wp\/v2\/pages\/451","targetHints":{"allow":["GET"]}}],"collection":[{"href":"https:\/\/www.hierontamirkku.fi\/index.php\/wp-json\/wp\/v2\/pages"}],"about":[{"href":"https:\/\/www.hierontamirkku.fi\/index.php\/wp-json\/wp\/v2\/types\/page"}],"author":[{"embeddable":true,"href":"https:\/\/www.hierontamirkku.fi\/index.php\/wp-json\/wp\/v2\/users\/1"}],"replies":[{"embeddable":true,"href":"https:\/\/www.hierontamirkku.fi\/index.php\/wp-json\/wp\/v2\/comments?post=451"}],"version-history":[{"count":5,"href":"https:\/\/www.hierontamirkku.fi\/index.php\/wp-json\/wp\/v2\/pages\/451\/revisions"}],"predecessor-version":[{"id":461,"href":"https:\/\/www.hierontamirkku.fi\/index.php\/wp-json\/wp\/v2\/pages\/451\/revisions\/461"}],"wp:attachment":[{"href":"https:\/\/www.hierontamirkku.fi\/index.php\/wp-json\/wp\/v2\/media?parent=451"}],"curies":[{"name":"wp","href":"https:\/\/api.w.org\/{rel}","templated":true}]}}