{"id":449,"date":"2025-06-29T16:20:56","date_gmt":"2025-06-29T16:20:56","guid":{"rendered":"https:\/\/www.hierontamirkku.fi\/?page_id=449"},"modified":"2025-06-29T16:56:00","modified_gmt":"2025-06-29T16:56:00","slug":"ortopedinen-osteopatia","status":"publish","type":"page","link":"https:\/\/www.hierontamirkku.fi\/index.php\/ortopedinen-osteopatia\/","title":{"rendered":"Ortopedinen osteopatia"},"content":{"rendered":"\t\t<div data-elementor-type=\"wp-page\" data-elementor-id=\"449\" class=\"elementor elementor-449\">\n\t\t\t\t\t\t\t\t\t<section class=\"elementor-section elementor-top-section elementor-element elementor-element-4c084a5c elementor-section-boxed elementor-section-height-default elementor-section-height-default\" data-id=\"4c084a5c\" data-element_type=\"section\">\n\t\t\t\t\t\t<div class=\"elementor-container elementor-column-gap-default\">\n\t\t\t\t\t<div class=\"elementor-column elementor-col-100 elementor-top-column elementor-element elementor-element-688e112\" data-id=\"688e112\" data-element_type=\"column\">\n\t\t\t<div class=\"elementor-widget-wrap elementor-element-populated\">\n\t\t\t\t\t\t\t\t<div class=\"elementor-element elementor-element-bdb3bf8 elementor-widget elementor-widget-text-editor\" data-id=\"bdb3bf8\" data-element_type=\"widget\" data-widget_type=\"text-editor.default\">\n\t\t\t\t<div class=\"elementor-widget-container\">\n\t\t\t<style>\/*! elementor - v3.11.5 - 14-03-2023 *\/\n.elementor-widget-text-editor.elementor-drop-cap-view-stacked .elementor-drop-cap{background-color:#818a91;color:#fff}.elementor-widget-text-editor.elementor-drop-cap-view-framed .elementor-drop-cap{color:#818a91;border:3px solid;background-color:transparent}.elementor-widget-text-editor:not(.elementor-drop-cap-view-default) .elementor-drop-cap{margin-top:8px}.elementor-widget-text-editor:not(.elementor-drop-cap-view-default) .elementor-drop-cap-letter{width:1em;height:1em}.elementor-widget-text-editor .elementor-drop-cap{float:left;text-align:center;line-height:1;font-size:50px}.elementor-widget-text-editor .elementor-drop-cap-letter{display:inline-block}<\/style>\t\t\t\t<!-- wp:paragraph -->\n<p><strong>Mit\u00e4 on ortopedinen osteopatia?<\/strong><\/p>\n<!-- \/wp:paragraph --><!-- wp:paragraph -->\n<p>Ortopedinen osteopatia on tutkittuun tietoon perustuvaa holistista tuki- ja liikuntaelinvaivojen hoitoa sek\u00e4 terveyden edist\u00e4mist\u00e4.<\/p>\n<!-- \/wp:paragraph --><!-- wp:paragraph -->\n<p>Ortopedinen osteopatia on terveydenhuollon ala, joka on erikoistunut niin akuuttien kuin kroonisten kiputilojen hoitoon sek\u00e4 tuki- ja liikuntaelinvaivojen kuntoutukseen. Hoito perustuu tutkittuun tieteellisen tietoon, vahvaan osaamiseen anatomiassa ja fysiologiassa sek\u00e4 k\u00e4den taidoissa. Ortopedisessa osteopatiassa voidaan liikunta-, elintapa- ja ravitsemusneuvonnalla v\u00e4hent\u00e4\u00e4 monien kroonisten sairaustilojen riski\u00e4 sek\u00e4 lievitt\u00e4\u00e4 jo mahdollisesti syntyneit\u00e4 ongelmia. Hoito onkin holistista, ja siin\u00e4 otetaan huomioon henkil\u00f6n psykofyysissosiaalinen kokonaisuus.<\/p>\n<!-- \/wp:paragraph --><!-- wp:paragraph -->\n<p>Osteopatiassa t\u00e4rke\u00e4 rooli on manuaalisella eli k\u00e4sin teht\u00e4v\u00e4ll\u00e4 tutkimisella ja hoidolla. Manuaalisessa tutkimisessa osteopaatti palpoi eli tunnustelee k\u00e4sill\u00e4\u00e4n asiakkaan kipeit\u00e4 kohtia sek\u00e4 tutkii lukuisia ortopedisi\u00e4 testej\u00e4 k\u00e4ytt\u00e4en mm. nivelten liikeratoja ja lihasten voimia. Manuaaliterapialla hoidetaan tuki- ja liikuntaelinten kiputiloja tavoitteena saavuttaa normaali, kivuton liike. Manuaaliterapia sis\u00e4lt\u00e4\u00e4 muun muassa pehmytkudosten eli lihasten ja faskioiden k\u00e4sittely\u00e4 sek\u00e4 nivelten mobilisaatiota ja manipulaatiota. Mobilisaatio on rauhallista, niveleen kohdistuvaa liikett\u00e4, jonka tavoitteena on kivun lievitys ja\/tai nivelen liikkeen lis\u00e4\u00e4ntyminen. Manipulaatiossa tavoite on sama, mutta tekniikkana suoritetaan nopea isku, jolla pyrit\u00e4\u00e4n nivelpintojen separaatioon. Usein manipulaatiossa kuuluu napsahdusmainen \u00e4\u00e4ni, jota kutsutaan tribonukleaatioksi.<\/p>\n<!-- \/wp:paragraph --><!-- wp:paragraph -->\n<p>Ortopediseen osteopatiaan kuuluu merkitt\u00e4v\u00e4n\u00e4 osana kuntoutus. Kuntoutus sis\u00e4lt\u00e4\u00e4 niin akuuttien kuin kroonisten vammojen sek\u00e4 erilaisten kiputilojen hoidon. Erityisesti ortopedisten leikkausten j\u00e4lkeinen kuntoutus on nimens\u00e4 mukaisesti t\u00e4rke\u00e4 osa ortopedista osteopatiaa. Tyypillisi\u00e4 ortopedisten osteopaattien kuntouttamia alueita ovat nilkan- ja polven nivelsiteiden rekonstruktioiden sek\u00e4 v\u00e4lilevyjen pullistumaleikkausten j\u00e4lkeinen kuntoutus. Kuntoutuksessa merkitt\u00e4v\u00e4 rooli on terapeuttisella harjoittelulla eli asiakkaan itsens\u00e4 toteuttamalla liikuntaharjoittelulla.<\/p>\n<!-- \/wp:paragraph --><!-- wp:paragraph -->\n<p>Ortopedisella osteopatialla voidaan hoitaa eri-ik\u00e4isten vaivoja, kasvuik\u00e4isen kiputiloista i\u00e4kk\u00e4iden sarkopeniaan. Kuntoutussuunnitelma tehd\u00e4\u00e4n yhteisty\u00f6ss\u00e4 asiakkaan kanssa, tarvittaessa yhteisty\u00f6ss\u00e4 muiden terveydenhuollon ammattilaisten kanssa. (ookk.fi)<\/p>\n<!-- \/wp:paragraph --><!-- wp:paragraph -->\n<p>\u00a0<\/p>\n<!-- \/wp:paragraph -->\t\t\t\t\t\t<\/div>\n\t\t\t\t<\/div>\n\t\t\t\t\t<\/div>\n\t\t<\/div>\n\t\t\t\t\t\t\t<\/div>\n\t\t<\/section>\n\t\t\t\t\t\t\t<\/div>\n\t\t","protected":false},"excerpt":{"rendered":"<p>Mit\u00e4 on ortopedinen osteopatia? Ortopedinen osteopatia on tutkittuun tietoon perustuvaa holistista tuki- ja liikuntaelinvaivojen hoitoa sek\u00e4 terveyden edist\u00e4mist\u00e4. Ortopedinen osteopatia on terveydenhuollon ala, joka on erikoistunut niin akuuttien kuin kroonisten kiputilojen hoitoon sek\u00e4 tuki- ja liikuntaelinvaivojen kuntoutukseen. Hoito perustuu tutkittuun tieteellisen tietoon, vahvaan osaamiseen anatomiassa ja fysiologiassa sek\u00e4 k\u00e4den taidoissa. Ortopedisessa osteopatiassa voidaan liikunta-, elintapa- [&hellip;]<\/p>\n","protected":false},"author":1,"featured_media":0,"parent":0,"menu_order":0,"comment_status":"closed","ping_status":"closed","template":"","meta":{"footnotes":""},"class_list":["post-449","page","type-page","status-publish","hentry"],"_links":{"self":[{"href":"https:\/\/www.hierontamirkku.fi\/index.php\/wp-json\/wp\/v2\/pages\/449","targetHints":{"allow":["GET"]}}],"collection":[{"href":"https:\/\/www.hierontamirkku.fi\/index.php\/wp-json\/wp\/v2\/pages"}],"about":[{"href":"https:\/\/www.hierontamirkku.fi\/index.php\/wp-json\/wp\/v2\/types\/page"}],"author":[{"embeddable":true,"href":"https:\/\/www.hierontamirkku.fi\/index.php\/wp-json\/wp\/v2\/users\/1"}],"replies":[{"embeddable":true,"href":"https:\/\/www.hierontamirkku.fi\/index.php\/wp-json\/wp\/v2\/comments?post=449"}],"version-history":[{"count":4,"href":"https:\/\/www.hierontamirkku.fi\/index.php\/wp-json\/wp\/v2\/pages\/449\/revisions"}],"predecessor-version":[{"id":458,"href":"https:\/\/www.hierontamirkku.fi\/index.php\/wp-json\/wp\/v2\/pages\/449\/revisions\/458"}],"wp:attachment":[{"href":"https:\/\/www.hierontamirkku.fi\/index.php\/wp-json\/wp\/v2\/media?parent=449"}],"curies":[{"name":"wp","href":"https:\/\/api.w.org\/{rel}","templated":true}]}}